{"id":7507,"date":"2025-03-05T17:17:02","date_gmt":"2025-03-05T17:17:02","guid":{"rendered":"https:\/\/siramusica.com\/site\/?page_id=7507"},"modified":"2025-03-05T17:17:02","modified_gmt":"2025-03-05T17:17:02","slug":"politica-de-privacidad","status":"publish","type":"page","link":"https:\/\/siramusica.com\/site\/politica-de-privacidad\/","title":{"rendered":"Pol\u00edtica de Privacidad"},"content":{"rendered":"<p class=\"s6\"><span class=\"s4\"><span class=\"bumpedFont15\">En SIRA MUSICA<\/span><\/span><span class=\"s4\"><span class=\"bumpedFont15\"> (en adelante, \u201cla Empresa\u201d, \u201cnosotros\u201d o \u201cnuestro\u201d), la privacidad de nuestros usuarios es de suma importancia. La presente Pol\u00edtica de Privacidad tiene como objetivo informar a los usuarios de nuestro Sitio Web <\/span><\/span><a href=\"http:\/\/www.siramusica.com\/\"><span class=\"s5\"><span class=\"bumpedFont15\">www.siramusica.com<\/span><\/span><\/a><span class=\"s4\"><span class=\"bumpedFont15\">sobre el tratamiento que realizamos de sus datos personales, as\u00ed como los derechos que les asisten en relaci\u00f3n con su informaci\u00f3n personal.<\/span><\/span><\/p>\n<p class=\"s6\"><span class=\"s7\"><span class=\"bumpedFont15\">1. <\/span><\/span><span class=\"s7\"><span class=\"bumpedFont15\">R<\/span><\/span><span class=\"s7\"><span class=\"bumpedFont15\">esponsable del tratamiento<\/span><\/span><\/p>\n<p class=\"s6\"><span class=\"s4\"><span class=\"bumpedFont15\">El responsable del tratamiento de los datos personales que se recogen a trav\u00e9s de este Sitio Web es:<\/span><\/span><\/p>\n<div class=\"s9\"><span class=\"s8\">\u2022 <\/span><span class=\"s7\"><span class=\"bumpedFont15\">Nombre de la Empresa<\/span><\/span><span class=\"s4\"><span class=\"bumpedFont15\">: <\/span><\/span><span class=\"s4\"><span class=\"bumpedFont15\">SIRA MUSICA, S.L.U.<\/span><\/span><\/div>\n<div class=\"s9\"><span class=\"s8\">\u2022 <\/span><span class=\"s7\"><span class=\"bumpedFont15\">Direcci\u00f3n<\/span><\/span><span class=\"s4\"><span class=\"bumpedFont15\">: <\/span><\/span><span class=\"s10\"><span class=\"bumpedFont15\">C<\/span><\/span><span class=\"s10\"><span class=\"bumpedFont15\">alle Toledo 87 1 B, 28005 Madrid (Espa\u00f1a)<\/span><\/span><\/div>\n<div class=\"s9\"><span class=\"s8\">\u2022 <\/span><span class=\"s7\"><span class=\"bumpedFont15\">Correo electr\u00f3nico<\/span><\/span><span class=\"s4\"><span class=\"bumpedFont15\">: administraci\u00f3n@siramusica.com<\/span><\/span><\/div>\n<div class=\"s9\"><span class=\"s8\">\u2022 <\/span><span class=\"s7\"><span class=\"bumpedFont15\">Tel\u00e9fono<\/span><\/span><span class=\"s4\"><span class=\"bumpedFont15\">: <\/span><\/span><span class=\"s4\"><span class=\"bumpedFont15\">+34654707845<\/span><\/span><\/div>\n<div class=\"s9\"><span class=\"s8\">\u2022 <\/span><span class=\"s7\"><span class=\"bumpedFont15\">CIF<\/span><\/span><span class=\"s4\"><span class=\"bumpedFont15\">: <\/span><\/span><span class=\"s10\"><span class=\"bumpedFont15\">B \u2013 06976948<\/span><\/span><\/div>\n<p class=\"s6\"><span class=\"s7\"><span class=\"bumpedFont15\">2. <\/span><\/span><span class=\"s7\"><span class=\"bumpedFont15\">I<\/span><\/span><span class=\"s7\"><span class=\"bumpedFont15\">nformaci\u00f3n que recogemos<\/span><\/span><\/p>\n<p class=\"s6\"><span class=\"s4\"><span class=\"bumpedFont15\">Recogemos y tratamos los siguientes tipos de datos personales:<\/span><\/span><\/p>\n<div class=\"s9\"><span class=\"s8\">\u2022 <\/span><span class=\"s7\"><span class=\"bumpedFont15\">Datos de identificaci\u00f3n<\/span><\/span><span class=\"s4\"><span class=\"bumpedFont15\">: nombre, apellidos, direcci\u00f3n de correo electr\u00f3nico, direcci\u00f3n postal, tel\u00e9fono, n\u00famero de DNI o NIF, <\/span><\/span><span class=\"s4\"><span class=\"bumpedFont15\">mayor\u00eda de edad<\/span><\/span><span class=\"s4\"><span class=\"bumpedFont15\">.<\/span><\/span><\/div>\n<div class=\"s9\"><span class=\"s8\">\u2022 <\/span><span class=\"s7\"><span class=\"bumpedFont15\">Datos de pago<\/span><\/span><span class=\"s4\"><span class=\"bumpedFont15\">: informaci\u00f3n sobre las tarjetas de cr\u00e9dito\/d\u00e9bito o m\u00e9todos de pago utilizados para realizar compras, que se procesan a trav\u00e9s de plataformas de pago seguras.<\/span><\/span><\/div>\n<div class=\"s9\"><span class=\"s8\">\u2022 <\/span><span class=\"s7\"><span class=\"bumpedFont15\">Datos de navegaci\u00f3n<\/span><\/span><span class=\"s4\"><span class=\"bumpedFont15\">: informaci\u00f3n t\u00e9cnica sobre la interacci\u00f3n del usuario con el Sitio Web, como la direcci\u00f3n IP, tipo de dispositivo, navegador utilizado, p\u00e1ginas visitadas, duraci\u00f3n de la visita, entre otros, recopilada a trav\u00e9s de cookies o tecnolog\u00edas similares.<\/span><\/span><\/div>\n<p class=\"s6\"><span class=\"s7\"><span class=\"bumpedFont15\">3. Finalidad del tratamiento de los datos personales<\/span><\/span><\/p>\n<p class=\"s6\"><span class=\"s4\"><span class=\"bumpedFont15\">Los datos personales proporcionados por los usuarios ser\u00e1n utilizados para las siguientes finalidades:<\/span><\/span><\/p>\n<div class=\"s9\"><span class=\"s8\">\u2022 <\/span><span class=\"s7\"><span class=\"bumpedFont15\">Gesti\u00f3n de compras y reservas<\/span><\/span><span class=\"s4\"><span class=\"bumpedFont15\">: Para procesar y gestionar las compras de entradas, realizar el env\u00edo de los tickets y proporcionar asistencia relacionada con los eventos adquiridos.<\/span><\/span><\/div>\n<div class=\"s9\"><span class=\"s8\">\u2022 <\/span><span class=\"s7\"><span class=\"bumpedFont15\">Atenci\u00f3n al cliente<\/span><\/span><span class=\"s4\"><span class=\"bumpedFont15\">: Para responder a consultas, sugerencias o reclamaciones, y ofrecer soporte en relaci\u00f3n con los productos o servicios ofrecidos.<\/span><\/span><\/div>\n<div class=\"s9\"><span class=\"s8\">\u2022 <\/span><span class=\"s7\"><span class=\"bumpedFont15\">Marketing y promociones<\/span><\/span><span class=\"s4\"><span class=\"bumpedFont15\">: Para enviar informaci\u00f3n comercial sobre nuevos eventos, ofertas especiales o promociones, siempre que el usuario haya dado su consentimiento expl\u00edcito.<\/span><\/span><\/div>\n<div class=\"s9\"><span class=\"s8\">\u2022 <\/span><span class=\"s7\"><span class=\"bumpedFont15\">Mejorar la experiencia del usuario<\/span><\/span><span class=\"s4\"><span class=\"bumpedFont15\">: Para personalizar el Sitio Web y ofrecer recomendaciones o contenidos basados en los intereses del usuario, utilizando datos de navegaci\u00f3n y cookies.<\/span><\/span><\/div>\n<p class=\"s6\"><span class=\"s7\"><span class=\"bumpedFont15\">4. Base legal para el tratamiento<\/span><\/span><\/p>\n<p class=\"s6\"><span class=\"s4\"><span class=\"bumpedFont15\">El tratamiento de los datos personales se basa en las siguientes bases legales:<\/span><\/span><\/p>\n<div class=\"s9\"><span class=\"s8\">\u2022 <\/span><span class=\"s7\"><span class=\"bumpedFont15\">Ejecuci\u00f3n de un contrato<\/span><\/span><span class=\"s4\"><span class=\"bumpedFont15\">: El tratamiento es necesario para la ejecuci\u00f3n del contrato de compraventa de entradas entre el usuario y la Empresa.<\/span><\/span><\/div>\n<div class=\"s9\"><span class=\"s8\">\u2022 <\/span><span class=\"s7\"><span class=\"bumpedFont15\">Consentimiento del usuario<\/span><\/span><span class=\"s4\"><span class=\"bumpedFont15\">: El tratamiento de datos con fines de marketing y promociones se realizar\u00e1 solo cuando el usuario haya otorgado su consentimiento expl\u00edcito.<\/span><\/span><\/div>\n<div class=\"s9\"><span class=\"s8\">\u2022 <\/span><span class=\"s7\"><span class=\"bumpedFont15\">Inter\u00e9s leg\u00edtimo<\/span><\/span><span class=\"s4\"><span class=\"bumpedFont15\">: El tratamiento de datos para mejorar el servicio al cliente y la experiencia de usuario est\u00e1 basado en el inter\u00e9s leg\u00edtimo de la Empresa.<\/span><\/span><\/div>\n<p class=\"s6\"><span class=\"s7\"><span class=\"bumpedFont15\">5. Conservaci\u00f3n de los datos<\/span><\/span><\/p>\n<p class=\"s6\"><span class=\"s4\"><span class=\"bumpedFont15\">Los datos personales se conservar\u00e1n durante el tiempo necesario para cumplir con las finalidades descritas, mientras exista una relaci\u00f3n contractual o hasta que el usuario retire su consentimiento, seg\u00fan corresponda. En caso de que el usuario solicite la baja de las comunicaciones comerciales, los datos ser\u00e1n eliminados a la mayor brevedad posible.<\/span><\/span><\/p>\n<p class=\"s6\"><span class=\"s7\"><span class=\"bumpedFont15\">6. Derechos del usuario<\/span><\/span><\/p>\n<p class=\"s6\"><span class=\"s4\"><span class=\"bumpedFont15\">El usuario tiene los siguientes derechos sobre sus datos personales:<\/span><\/span><\/p>\n<div class=\"s9\"><span class=\"s8\">\u2022 <\/span><span class=\"s7\"><span class=\"bumpedFont15\">Derecho de acceso<\/span><\/span><span class=\"s4\"><span class=\"bumpedFont15\">: El usuario tiene derecho a acceder a los datos personales que la Empresa posee sobre \u00e9l.<\/span><\/span><\/div>\n<div class=\"s9\"><span class=\"s8\">\u2022 <\/span><span class=\"s7\"><span class=\"bumpedFont15\">Derecho de rectificaci\u00f3n<\/span><\/span><span class=\"s4\"><span class=\"bumpedFont15\">: El usuario puede solicitar la correcci\u00f3n de los datos personales inexactos o incompletos.<\/span><\/span><\/div>\n<div class=\"s9\"><span class=\"s8\">\u2022 <\/span><span class=\"s7\"><span class=\"bumpedFont15\">Derecho de supresi\u00f3n<\/span><\/span><span class=\"s4\"><span class=\"bumpedFont15\">: El usuario tiene derecho a solicitar la eliminaci\u00f3n de sus datos personales, siempre que no exista obligaci\u00f3n legal que impida su eliminaci\u00f3n.<\/span><\/span><\/div>\n<div class=\"s9\"><span class=\"s8\">\u2022 <\/span><span class=\"s7\"><span class=\"bumpedFont15\">Derecho de limitaci\u00f3n<\/span><\/span><span class=\"s4\"><span class=\"bumpedFont15\">: El usuario puede solicitar la limitaci\u00f3n del tratamiento de sus datos personales en determinadas circunstancias.<\/span><\/span><\/div>\n<div class=\"s9\"><span class=\"s8\">\u2022 <\/span><span class=\"s7\"><span class=\"bumpedFont15\">Derecho de portabilidad<\/span><\/span><span class=\"s4\"><span class=\"bumpedFont15\">: El usuario tiene derecho a recibir sus datos personales en un formato estructurado, de uso com\u00fan y lectura mec\u00e1nica, y a transferirlos a otro responsable del tratamiento.<\/span><\/span><\/div>\n<div class=\"s9\"><span class=\"s8\">\u2022 <\/span><span class=\"s7\"><span class=\"bumpedFont15\">Derecho de oposici\u00f3n<\/span><\/span><span class=\"s4\"><span class=\"bumpedFont15\">: El usuario puede oponerse al tratamiento de sus datos personales por motivos relacionados con su situaci\u00f3n particular, en cuyo caso dejaremos de tratarlos, salvo que exista un inter\u00e9s leg\u00edtimo para continuar con el tratamiento.<\/span><\/span><\/div>\n<p class=\"s6\"><span class=\"s4\"><span class=\"bumpedFont15\">Para ejercer estos derechos, el usuario puede ponerse en contacto con nosotros a trav\u00e9s de los siguientes medios:<\/span><\/span><\/p>\n<div class=\"s9\"><span class=\"s8\">\u2022 <\/span><span class=\"s4\"><span class=\"bumpedFont15\">Correo electr\u00f3nico: <\/span><\/span><span class=\"s4\"><span class=\"bumpedFont15\">administraci\u00f3n@siramusica.com<\/span><\/span><\/div>\n<div class=\"s9\"><span class=\"s8\">\u2022 <\/span><span class=\"s4\"><span class=\"bumpedFont15\">Direcci\u00f3n postal: <\/span><\/span><span class=\"s10\"><span class=\"bumpedFont15\">C<\/span><\/span><span class=\"s10\"><span class=\"bumpedFont15\">alle Toledo 87 1 B, 28005 Madrid (Espa\u00f1a)<\/span><\/span><\/div>\n<p class=\"s6\"><span class=\"s7\"><span class=\"bumpedFont15\">7. <\/span><\/span><span class=\"s7\"><span class=\"bumpedFont15\">S<\/span><\/span><span class=\"s7\"><span class=\"bumpedFont15\">eguridad de los datos<\/span><\/span><\/p>\n<p class=\"s6\"><span class=\"s4\"><span class=\"bumpedFont15\">La Empresa adopta las medidas t\u00e9cnicas y organizativas necesarias para garantizar la seguridad de los datos personales, evitando su alteraci\u00f3n, p\u00e9rdida, tratamiento o acceso no autorizado, teniendo en cuenta el estado de la tecnolog\u00eda y los riesgos asociados.<\/span><\/span><\/p>\n<p class=\"s6\"><span class=\"s7\"><span class=\"bumpedFont15\">8. Cookies y tecnolog\u00edas similares<\/span><\/span><\/p>\n<p class=\"s6\"><span class=\"s4\"><span class=\"bumpedFont15\">Nuestro Sitio Web utiliza cookies y tecnolog\u00edas similares para mejorar la experiencia del usuario y personalizar el contenido. Al acceder al Sitio Web, el usuario consiente el uso de cookies, salvo que se oponga mediante la configuraci\u00f3n de su navegador.<\/span><\/span><\/p>\n<p class=\"s6\"><span class=\"s4\"><span class=\"bumpedFont15\">Para m\u00e1s informaci\u00f3n sobre las cookies utilizadas, consulte nuestra Pol\u00edtica de Cookies.<\/span><\/span><\/p>\n<p class=\"s6\"><span class=\"s7\"><span class=\"bumpedFont15\">9. Transferencias internacionales de datos<\/span><\/span><\/p>\n<p class=\"s6\"><span class=\"s4\"><span class=\"bumpedFont15\">En algunos casos, los datos personales pueden ser transferidos a pa\u00edses fuera del Espacio Econ\u00f3mico Europeo (EEE), con el fin de cumplir con las finalidades descritas en esta Pol\u00edtica. En estos casos, tomaremos las medidas adecuadas para garantizar la seguridad de los datos y que dichos pa\u00edses ofrezcan un nivel adecuado de protecci\u00f3n de datos.<\/span><\/span><\/p>\n<p class=\"s6\"><span class=\"s7\"><span class=\"bumpedFont15\">10. Actualizaciones de la pol\u00edtica de privacidad<\/span><\/span><\/p>\n<p class=\"s6\"><span class=\"s4\"><span class=\"bumpedFont15\">Nos reservamos el derecho de modificar esta Pol\u00edtica de Privacidad en cualquier momento. Cualquier cambio ser\u00e1 comunicado a los usuarios a trav\u00e9s del Sitio Web, y entrar\u00e1 en vigor desde su publicaci\u00f3n.<\/span><\/span><\/p>\n<p class=\"s6\"><span class=\"s7\"><span class=\"bumpedFont15\">11. Contacto<\/span><\/span><\/p>\n<p class=\"s6\"><span class=\"s4\"><span class=\"bumpedFont15\">Si tiene alguna pregunta sobre esta Pol\u00edtica de Privacidad o sobre c\u00f3mo gestionamos sus datos personales, puede ponerse en contacto con nosotros a trav\u00e9s de los siguientes medios:<\/span><\/span><\/p>\n<div class=\"s9\"><span class=\"s8\">\u2022 <\/span><span class=\"s4\"><span class=\"bumpedFont15\">Correo electr\u00f3nico: <\/span><\/span><span class=\"s4\"><span class=\"bumpedFont15\">administraci\u00f3n@siramusica.com<\/span><\/span><\/div>\n<div class=\"s9\"><span class=\"s8\">\u2022 <\/span><span class=\"s4\"><span class=\"bumpedFont15\">Tel\u00e9fono: <\/span><\/span><span class=\"s4\"><span class=\"bumpedFont15\">+34654707845<\/span><\/span><\/div>\n<div class=\"s9\"><span class=\"s8\">\u2022 <\/span><span class=\"s4\"><span class=\"bumpedFont15\">Direcci\u00f3n postal: <\/span><\/span><span class=\"s10\"><span class=\"bumpedFont15\">C<\/span><\/span><span class=\"s10\"><span class=\"bumpedFont15\">alle Toledo 87 1 B, 28005 Madrid (Espa\u00f1a)<\/span><\/span><\/div>\n<div><\/div>\n<div><\/div>\n<div><\/div>\n","protected":false},"excerpt":{"rendered":"<p>En SIRA MUSICA (en adelante, \u201cla Empresa\u201d, \u201cnosotros\u201d o \u201cnuestro\u201d), la privacidad de nuestros usuarios es de suma importancia. La presente Pol\u00edtica de Privacidad tiene como objetivo informar a los usuarios de nuestro Sitio Web www.siramusica.comsobre el tratamiento que realizamos de sus datos personales, as\u00ed&#8230;<\/p>\n","protected":false},"author":3,"featured_media":0,"parent":0,"menu_order":0,"comment_status":"closed","ping_status":"closed","template":"","meta":{"footnotes":"","_links_to":"","_links_to_target":""},"class_list":["post-7507","page","type-page","status-publish","hentry"],"yoast_head":"<!-- This site is optimized with the Yoast SEO plugin v27.4 - https:\/\/yoast.com\/product\/yoast-seo-wordpress\/ -->\n<title>Pol\u00edtica de Privacidad - Sira M\u00fasica<\/title>\n<meta name=\"robots\" content=\"index, follow, max-snippet:-1, max-image-preview:large, max-video-preview:-1\" \/>\n<link rel=\"canonical\" href=\"https:\/\/siramusica.com\/site\/politica-de-privacidad\/\" \/>\n<meta property=\"og:locale\" content=\"es_ES\" \/>\n<meta property=\"og:type\" content=\"article\" \/>\n<meta property=\"og:title\" content=\"Pol\u00edtica de Privacidad - Sira M\u00fasica\" \/>\n<meta property=\"og:description\" content=\"En SIRA MUSICA (en adelante, \u201cla Empresa\u201d, \u201cnosotros\u201d o \u201cnuestro\u201d), la privacidad de nuestros usuarios es de suma importancia. La presente Pol\u00edtica de Privacidad tiene como objetivo informar a los usuarios de nuestro Sitio Web www.siramusica.comsobre el tratamiento que realizamos de sus datos personales, as\u00ed...\" \/>\n<meta property=\"og:url\" content=\"https:\/\/siramusica.com\/site\/politica-de-privacidad\/\" \/>\n<meta property=\"og:site_name\" content=\"Sira M\u00fasica\" \/>\n<meta property=\"article:publisher\" content=\"https:\/\/www.facebook.com\/SiraMusicaOK\" \/>\n<meta name=\"twitter:card\" content=\"summary_large_image\" \/>\n<meta name=\"twitter:label1\" content=\"Tiempo de lectura\" \/>\n\t<meta name=\"twitter:data1\" content=\"5 minutos\" \/>\n<script type=\"application\/ld+json\" class=\"yoast-schema-graph\">{\"@context\":\"https:\\\/\\\/schema.org\",\"@graph\":[{\"@type\":\"WebPage\",\"@id\":\"https:\\\/\\\/siramusica.com\\\/site\\\/politica-de-privacidad\\\/\",\"url\":\"https:\\\/\\\/siramusica.com\\\/site\\\/politica-de-privacidad\\\/\",\"name\":\"Pol\u00edtica de Privacidad - Sira M\u00fasica\",\"isPartOf\":{\"@id\":\"https:\\\/\\\/siramusica.com\\\/site\\\/#website\"},\"datePublished\":\"2025-03-05T17:17:02+00:00\",\"breadcrumb\":{\"@id\":\"https:\\\/\\\/siramusica.com\\\/site\\\/politica-de-privacidad\\\/#breadcrumb\"},\"inLanguage\":\"es\",\"potentialAction\":[{\"@type\":\"ReadAction\",\"target\":[\"https:\\\/\\\/siramusica.com\\\/site\\\/politica-de-privacidad\\\/\"]}]},{\"@type\":\"BreadcrumbList\",\"@id\":\"https:\\\/\\\/siramusica.com\\\/site\\\/politica-de-privacidad\\\/#breadcrumb\",\"itemListElement\":[{\"@type\":\"ListItem\",\"position\":1,\"name\":\"Portada\",\"item\":\"https:\\\/\\\/siramusica.com\\\/site\\\/\"},{\"@type\":\"ListItem\",\"position\":2,\"name\":\"Pol\u00edtica de Privacidad\"}]},{\"@type\":\"WebSite\",\"@id\":\"https:\\\/\\\/siramusica.com\\\/site\\\/#website\",\"url\":\"https:\\\/\\\/siramusica.com\\\/site\\\/\",\"name\":\"Sira M\u00fasica\",\"description\":\"Producci\u00f3n y Management\",\"potentialAction\":[{\"@type\":\"SearchAction\",\"target\":{\"@type\":\"EntryPoint\",\"urlTemplate\":\"https:\\\/\\\/siramusica.com\\\/site\\\/?s={search_term_string}\"},\"query-input\":{\"@type\":\"PropertyValueSpecification\",\"valueRequired\":true,\"valueName\":\"search_term_string\"}}],\"inLanguage\":\"es\"}]}<\/script>\n<!-- \/ Yoast SEO plugin. -->","yoast_head_json":{"title":"Pol\u00edtica de Privacidad - Sira M\u00fasica","robots":{"index":"index","follow":"follow","max-snippet":"max-snippet:-1","max-image-preview":"max-image-preview:large","max-video-preview":"max-video-preview:-1"},"canonical":"https:\/\/siramusica.com\/site\/politica-de-privacidad\/","og_locale":"es_ES","og_type":"article","og_title":"Pol\u00edtica de Privacidad - Sira M\u00fasica","og_description":"En SIRA MUSICA (en adelante, \u201cla Empresa\u201d, \u201cnosotros\u201d o \u201cnuestro\u201d), la privacidad de nuestros usuarios es de suma importancia. La presente Pol\u00edtica de Privacidad tiene como objetivo informar a los usuarios de nuestro Sitio Web www.siramusica.comsobre el tratamiento que realizamos de sus datos personales, as\u00ed...","og_url":"https:\/\/siramusica.com\/site\/politica-de-privacidad\/","og_site_name":"Sira M\u00fasica","article_publisher":"https:\/\/www.facebook.com\/SiraMusicaOK","twitter_card":"summary_large_image","twitter_misc":{"Tiempo de lectura":"5 minutos"},"schema":{"@context":"https:\/\/schema.org","@graph":[{"@type":"WebPage","@id":"https:\/\/siramusica.com\/site\/politica-de-privacidad\/","url":"https:\/\/siramusica.com\/site\/politica-de-privacidad\/","name":"Pol\u00edtica de Privacidad - Sira M\u00fasica","isPartOf":{"@id":"https:\/\/siramusica.com\/site\/#website"},"datePublished":"2025-03-05T17:17:02+00:00","breadcrumb":{"@id":"https:\/\/siramusica.com\/site\/politica-de-privacidad\/#breadcrumb"},"inLanguage":"es","potentialAction":[{"@type":"ReadAction","target":["https:\/\/siramusica.com\/site\/politica-de-privacidad\/"]}]},{"@type":"BreadcrumbList","@id":"https:\/\/siramusica.com\/site\/politica-de-privacidad\/#breadcrumb","itemListElement":[{"@type":"ListItem","position":1,"name":"Portada","item":"https:\/\/siramusica.com\/site\/"},{"@type":"ListItem","position":2,"name":"Pol\u00edtica de Privacidad"}]},{"@type":"WebSite","@id":"https:\/\/siramusica.com\/site\/#website","url":"https:\/\/siramusica.com\/site\/","name":"Sira M\u00fasica","description":"Producci\u00f3n y Management","potentialAction":[{"@type":"SearchAction","target":{"@type":"EntryPoint","urlTemplate":"https:\/\/siramusica.com\/site\/?s={search_term_string}"},"query-input":{"@type":"PropertyValueSpecification","valueRequired":true,"valueName":"search_term_string"}}],"inLanguage":"es"}]}},"_links":{"self":[{"href":"https:\/\/siramusica.com\/site\/wp-json\/wp\/v2\/pages\/7507","targetHints":{"allow":["GET"]}}],"collection":[{"href":"https:\/\/siramusica.com\/site\/wp-json\/wp\/v2\/pages"}],"about":[{"href":"https:\/\/siramusica.com\/site\/wp-json\/wp\/v2\/types\/page"}],"author":[{"embeddable":true,"href":"https:\/\/siramusica.com\/site\/wp-json\/wp\/v2\/users\/3"}],"replies":[{"embeddable":true,"href":"https:\/\/siramusica.com\/site\/wp-json\/wp\/v2\/comments?post=7507"}],"version-history":[{"count":1,"href":"https:\/\/siramusica.com\/site\/wp-json\/wp\/v2\/pages\/7507\/revisions"}],"predecessor-version":[{"id":7508,"href":"https:\/\/siramusica.com\/site\/wp-json\/wp\/v2\/pages\/7507\/revisions\/7508"}],"wp:attachment":[{"href":"https:\/\/siramusica.com\/site\/wp-json\/wp\/v2\/media?parent=7507"}],"curies":[{"name":"wp","href":"https:\/\/api.w.org\/{rel}","templated":true}]}}